{"id":13779,"date":"2026-02-05T16:15:25","date_gmt":"2026-02-05T16:15:25","guid":{"rendered":"https:\/\/andartak.is\/?post_type=product&#038;p=13779"},"modified":"2026-02-05T16:15:25","modified_gmt":"2026-02-05T16:15:25","slug":"villt-viska-og-djup-hvild-tilbod","status":"publish","type":"product","link":"https:\/\/andartak.is\/is\/product\/villt-viska-og-djup-hvild-tilbod\/","title":{"rendered":"Villt viska og dj\u00fap  hv\u00edld &#8211; tilbo\u00f0"},"content":{"rendered":"<p><strong>10 vikna endurn\u00fdjunarfer\u00f0alag fyrir konur \u00e1 og eftir breytingaskei\u00f0 me\u00f0 helgarn\u00e1mskei\u00f0i \u00ed lokin. <\/strong><strong>Lei\u00f0 \u00far streitu, svefnleysi og spennu yfir \u00ed d\u00fdpri svefn og auki\u00f0 sj\u00e1lfstraust.<\/strong><\/p>","protected":false},"excerpt":{"rendered":"<p>10 vikna endurn\u00fdjunarfer\u00f0alag fyrir konur \u00e1 og eftir breytingaskei\u00f0 me\u00f0 helgarn\u00e1mskei\u00f0i \u00ed lokin. Lei\u00f0 \u00far streitu, svefnleysi og spennu yfir \u00ed d\u00fdpri svefn og auki\u00f0 sj\u00e1lfstraust.<\/p>","protected":false},"featured_media":0,"comment_status":"closed","ping_status":"closed","template":"","meta":{"_et_pb_use_builder":"","_et_pb_old_content":"","_et_gb_content_width":""},"product_brand":[],"product_cat":[43],"product_tag":[],"class_list":{"0":"post-13779","1":"product","2":"type-product","3":"status-publish","5":"product_cat-uncategorized","7":"first","8":"instock","9":"shipping-taxable","10":"purchasable","11":"product-type-simple"},"yoast_head":"<!-- This site is optimized with the Yoast SEO plugin v27.3 - https:\/\/yoast.com\/product\/yoast-seo-wordpress\/ -->\n<title>Villt viska og dj\u00fap hv\u00edld - tilbo\u00f0 - Andartak<\/title>\n<meta name=\"robots\" content=\"index, follow, max-snippet:-1, max-image-preview:large, max-video-preview:-1\" \/>\n<link rel=\"canonical\" href=\"https:\/\/andartak.is\/is\/product\/villt-viska-og-djup-hvild-tilbod\/\" \/>\n<meta property=\"og:locale\" content=\"is_IS\" \/>\n<meta property=\"og:type\" content=\"article\" \/>\n<meta property=\"og:title\" content=\"Villt viska og dj\u00fap hv\u00edld - tilbo\u00f0 - Andartak\" \/>\n<meta property=\"og:description\" content=\"10 vikna endurn\u00fdjunarfer\u00f0alag fyrir konur \u00e1 og eftir breytingaskei\u00f0 me\u00f0 helgarn\u00e1mskei\u00f0i \u00ed lokin. Lei\u00f0 \u00far streitu, svefnleysi og spennu yfir \u00ed d\u00fdpri svefn og auki\u00f0 sj\u00e1lfstraust.\" \/>\n<meta property=\"og:url\" content=\"https:\/\/andartak.is\/is\/product\/villt-viska-og-djup-hvild-tilbod\/\" \/>\n<meta property=\"og:site_name\" content=\"Andartak\" \/>\n<meta name=\"twitter:card\" content=\"summary_large_image\" \/>\n<meta name=\"twitter:label1\" content=\"Est. reading time\" \/>\n\t<meta name=\"twitter:data1\" content=\"1 minute\" \/>\n<script type=\"application\/ld+json\" class=\"yoast-schema-graph\">{\"@context\":\"https:\\\/\\\/schema.org\",\"@graph\":[{\"@type\":\"WebPage\",\"@id\":\"https:\\\/\\\/andartak.is\\\/product\\\/villt-viska-og-djup-hvild-tilbod\\\/\",\"url\":\"https:\\\/\\\/andartak.is\\\/product\\\/villt-viska-og-djup-hvild-tilbod\\\/\",\"name\":\"Villt viska og dj\u00fap hv\u00edld - tilbo\u00f0 - Andartak\",\"isPartOf\":{\"@id\":\"https:\\\/\\\/andartak.is\\\/#website\"},\"datePublished\":\"2026-02-05T16:15:25+00:00\",\"breadcrumb\":{\"@id\":\"https:\\\/\\\/andartak.is\\\/product\\\/villt-viska-og-djup-hvild-tilbod\\\/#breadcrumb\"},\"inLanguage\":\"is\",\"potentialAction\":[{\"@type\":\"ReadAction\",\"target\":[\"https:\\\/\\\/andartak.is\\\/product\\\/villt-viska-og-djup-hvild-tilbod\\\/\"]}]},{\"@type\":\"BreadcrumbList\",\"@id\":\"https:\\\/\\\/andartak.is\\\/product\\\/villt-viska-og-djup-hvild-tilbod\\\/#breadcrumb\",\"itemListElement\":[{\"@type\":\"ListItem\",\"position\":1,\"name\":\"Home\",\"item\":\"https:\\\/\\\/andartak.is\\\/\"},{\"@type\":\"ListItem\",\"position\":2,\"name\":\"Shop\",\"item\":\"https:\\\/\\\/andartak.is\\\/shop\\\/\"},{\"@type\":\"ListItem\",\"position\":3,\"name\":\"Villt viska og dj\u00fap hv\u00edld &#8211; tilbo\u00f0\"}]},{\"@type\":\"WebSite\",\"@id\":\"https:\\\/\\\/andartak.is\\\/#website\",\"url\":\"https:\\\/\\\/andartak.is\\\/\",\"name\":\"Andartak\",\"description\":\"J\u00f3ga Yoga F\u00f3kusing Focusing H\u00f3m\u00f3pat\u00eda Homeopathy L\u00edf\u00f6ndun J\u00f3ga\u00feerap\u00eda Reykjav\u00edk\",\"potentialAction\":[{\"@type\":\"SearchAction\",\"target\":{\"@type\":\"EntryPoint\",\"urlTemplate\":\"https:\\\/\\\/andartak.is\\\/?s={search_term_string}\"},\"query-input\":{\"@type\":\"PropertyValueSpecification\",\"valueRequired\":true,\"valueName\":\"search_term_string\"}}],\"inLanguage\":\"is\"}]}<\/script>\n<!-- \/ Yoast SEO plugin. -->","yoast_head_json":{"title":"Villt viska og dj\u00fap hv\u00edld - tilbo\u00f0 - Andartak","robots":{"index":"index","follow":"follow","max-snippet":"max-snippet:-1","max-image-preview":"max-image-preview:large","max-video-preview":"max-video-preview:-1"},"canonical":"https:\/\/andartak.is\/is\/product\/villt-viska-og-djup-hvild-tilbod\/","og_locale":"is_IS","og_type":"article","og_title":"Villt viska og dj\u00fap hv\u00edld - tilbo\u00f0 - Andartak","og_description":"10 vikna endurn\u00fdjunarfer\u00f0alag fyrir konur \u00e1 og eftir breytingaskei\u00f0 me\u00f0 helgarn\u00e1mskei\u00f0i \u00ed lokin. Lei\u00f0 \u00far streitu, svefnleysi og spennu yfir \u00ed d\u00fdpri svefn og auki\u00f0 sj\u00e1lfstraust.","og_url":"https:\/\/andartak.is\/is\/product\/villt-viska-og-djup-hvild-tilbod\/","og_site_name":"Andartak","twitter_card":"summary_large_image","twitter_misc":{"Est. reading time":"1 minute"},"schema":{"@context":"https:\/\/schema.org","@graph":[{"@type":"WebPage","@id":"https:\/\/andartak.is\/product\/villt-viska-og-djup-hvild-tilbod\/","url":"https:\/\/andartak.is\/product\/villt-viska-og-djup-hvild-tilbod\/","name":"Villt viska og dj\u00fap hv\u00edld - tilbo\u00f0 - Andartak","isPartOf":{"@id":"https:\/\/andartak.is\/#website"},"datePublished":"2026-02-05T16:15:25+00:00","breadcrumb":{"@id":"https:\/\/andartak.is\/product\/villt-viska-og-djup-hvild-tilbod\/#breadcrumb"},"inLanguage":"is","potentialAction":[{"@type":"ReadAction","target":["https:\/\/andartak.is\/product\/villt-viska-og-djup-hvild-tilbod\/"]}]},{"@type":"BreadcrumbList","@id":"https:\/\/andartak.is\/product\/villt-viska-og-djup-hvild-tilbod\/#breadcrumb","itemListElement":[{"@type":"ListItem","position":1,"name":"Home","item":"https:\/\/andartak.is\/"},{"@type":"ListItem","position":2,"name":"Shop","item":"https:\/\/andartak.is\/shop\/"},{"@type":"ListItem","position":3,"name":"Villt viska og dj\u00fap hv\u00edld &#8211; tilbo\u00f0"}]},{"@type":"WebSite","@id":"https:\/\/andartak.is\/#website","url":"https:\/\/andartak.is\/","name":"Andartak","description":"J\u00f3ga Yoga F\u00f3kusing Focusing H\u00f3m\u00f3pat\u00eda Homeopathy L\u00edf\u00f6ndun J\u00f3ga\u00feerap\u00eda Reykjav\u00edk","potentialAction":[{"@type":"SearchAction","target":{"@type":"EntryPoint","urlTemplate":"https:\/\/andartak.is\/?s={search_term_string}"},"query-input":{"@type":"PropertyValueSpecification","valueRequired":true,"valueName":"search_term_string"}}],"inLanguage":"is"}]}},"_links":{"self":[{"href":"https:\/\/andartak.is\/is\/wp-json\/wp\/v2\/product\/13779","targetHints":{"allow":["GET"]}}],"collection":[{"href":"https:\/\/andartak.is\/is\/wp-json\/wp\/v2\/product"}],"about":[{"href":"https:\/\/andartak.is\/is\/wp-json\/wp\/v2\/types\/product"}],"replies":[{"embeddable":true,"href":"https:\/\/andartak.is\/is\/wp-json\/wp\/v2\/comments?post=13779"}],"wp:attachment":[{"href":"https:\/\/andartak.is\/is\/wp-json\/wp\/v2\/media?parent=13779"}],"wp:term":[{"taxonomy":"product_brand","embeddable":true,"href":"https:\/\/andartak.is\/is\/wp-json\/wp\/v2\/product_brand?post=13779"},{"taxonomy":"product_cat","embeddable":true,"href":"https:\/\/andartak.is\/is\/wp-json\/wp\/v2\/product_cat?post=13779"},{"taxonomy":"product_tag","embeddable":true,"href":"https:\/\/andartak.is\/is\/wp-json\/wp\/v2\/product_tag?post=13779"}],"curies":[{"name":"wp","href":"https:\/\/api.w.org\/{rel}","templated":true}]}}