{"id":13755,"date":"2026-01-29T20:05:08","date_gmt":"2026-01-29T20:05:08","guid":{"rendered":"https:\/\/andartak.is\/?post_type=product&#038;p=13755"},"modified":"2026-01-29T20:05:08","modified_gmt":"2026-01-29T20:05:08","slug":"villt-viska-og-djup-hvild-innborgun","status":"publish","type":"product","link":"https:\/\/andartak.is\/is\/product\/villt-viska-og-djup-hvild-innborgun\/","title":{"rendered":"Villt viska og dj\u00fap hv\u00edld &#8211; innborgun"},"content":{"rendered":"<p><strong>10 vikna endurn\u00fdjunarfer\u00f0alag fyrir konur \u00e1 og eftir breytingaskei\u00f0, <\/strong><strong>Lei\u00f0 \u00far streitu, svefnleysi og spennu yfir \u00ed d\u00fdpri svefn og auki\u00f0 sj\u00e1lfstraust.<\/strong><\/p>","protected":false},"excerpt":{"rendered":"<p>10 vikna endurn\u00fdjunarfer\u00f0alag fyrir konur \u00e1 og eftir breytingaskei\u00f0, Lei\u00f0 \u00far streitu, svefnleysi og spennu yfir \u00ed d\u00fdpri svefn og auki\u00f0 sj\u00e1lfstraust.<\/p>","protected":false},"featured_media":13752,"comment_status":"closed","ping_status":"closed","template":"","meta":{"_et_pb_use_builder":"","_et_pb_old_content":"","_et_gb_content_width":""},"product_brand":[],"product_cat":[43],"product_tag":[],"class_list":{"0":"post-13755","1":"product","2":"type-product","3":"status-publish","4":"has-post-thumbnail","6":"product_cat-uncategorized","8":"first","9":"instock","10":"shipping-taxable","11":"purchasable","12":"product-type-simple"},"yoast_head":"<!-- This site is optimized with the Yoast SEO plugin v27.3 - https:\/\/yoast.com\/product\/yoast-seo-wordpress\/ -->\n<title>Villt viska og dj\u00fap hv\u00edld - innborgun - Andartak<\/title>\n<meta name=\"robots\" content=\"index, follow, max-snippet:-1, max-image-preview:large, max-video-preview:-1\" \/>\n<link rel=\"canonical\" href=\"https:\/\/andartak.is\/is\/product\/villt-viska-og-djup-hvild-innborgun\/\" \/>\n<meta property=\"og:locale\" content=\"is_IS\" \/>\n<meta property=\"og:type\" content=\"article\" \/>\n<meta property=\"og:title\" content=\"Villt viska og dj\u00fap hv\u00edld - innborgun - Andartak\" \/>\n<meta property=\"og:description\" content=\"10 vikna endurn\u00fdjunarfer\u00f0alag fyrir konur \u00e1 og eftir breytingaskei\u00f0, Lei\u00f0 \u00far streitu, svefnleysi og spennu yfir \u00ed d\u00fdpri svefn og auki\u00f0 sj\u00e1lfstraust.\" \/>\n<meta property=\"og:url\" content=\"https:\/\/andartak.is\/is\/product\/villt-viska-og-djup-hvild-innborgun\/\" \/>\n<meta property=\"og:site_name\" content=\"Andartak\" \/>\n<meta property=\"og:image\" content=\"https:\/\/andartak.is\/wp-content\/uploads\/2026\/01\/DSF8455-copy-scaled.jpg\" \/>\n\t<meta property=\"og:image:width\" content=\"1707\" \/>\n\t<meta property=\"og:image:height\" content=\"2560\" \/>\n\t<meta property=\"og:image:type\" content=\"image\/jpeg\" \/>\n<meta name=\"twitter:card\" content=\"summary_large_image\" \/>\n<meta name=\"twitter:label1\" content=\"Est. reading time\" \/>\n\t<meta name=\"twitter:data1\" content=\"1 minute\" \/>\n<script type=\"application\/ld+json\" class=\"yoast-schema-graph\">{\"@context\":\"https:\\\/\\\/schema.org\",\"@graph\":[{\"@type\":\"WebPage\",\"@id\":\"https:\\\/\\\/andartak.is\\\/product\\\/villt-viska-og-djup-hvild-innborgun\\\/\",\"url\":\"https:\\\/\\\/andartak.is\\\/product\\\/villt-viska-og-djup-hvild-innborgun\\\/\",\"name\":\"Villt viska og dj\u00fap hv\u00edld - innborgun - Andartak\",\"isPartOf\":{\"@id\":\"https:\\\/\\\/andartak.is\\\/#website\"},\"primaryImageOfPage\":{\"@id\":\"https:\\\/\\\/andartak.is\\\/product\\\/villt-viska-og-djup-hvild-innborgun\\\/#primaryimage\"},\"image\":{\"@id\":\"https:\\\/\\\/andartak.is\\\/product\\\/villt-viska-og-djup-hvild-innborgun\\\/#primaryimage\"},\"thumbnailUrl\":\"https:\\\/\\\/andartak.is\\\/wp-content\\\/uploads\\\/2026\\\/01\\\/DSF8455-copy-scaled.jpg\",\"datePublished\":\"2026-01-29T20:05:08+00:00\",\"breadcrumb\":{\"@id\":\"https:\\\/\\\/andartak.is\\\/product\\\/villt-viska-og-djup-hvild-innborgun\\\/#breadcrumb\"},\"inLanguage\":\"is\",\"potentialAction\":[{\"@type\":\"ReadAction\",\"target\":[\"https:\\\/\\\/andartak.is\\\/product\\\/villt-viska-og-djup-hvild-innborgun\\\/\"]}]},{\"@type\":\"ImageObject\",\"inLanguage\":\"is\",\"@id\":\"https:\\\/\\\/andartak.is\\\/product\\\/villt-viska-og-djup-hvild-innborgun\\\/#primaryimage\",\"url\":\"https:\\\/\\\/andartak.is\\\/wp-content\\\/uploads\\\/2026\\\/01\\\/DSF8455-copy-scaled.jpg\",\"contentUrl\":\"https:\\\/\\\/andartak.is\\\/wp-content\\\/uploads\\\/2026\\\/01\\\/DSF8455-copy-scaled.jpg\",\"width\":1707,\"height\":2560},{\"@type\":\"BreadcrumbList\",\"@id\":\"https:\\\/\\\/andartak.is\\\/product\\\/villt-viska-og-djup-hvild-innborgun\\\/#breadcrumb\",\"itemListElement\":[{\"@type\":\"ListItem\",\"position\":1,\"name\":\"Home\",\"item\":\"https:\\\/\\\/andartak.is\\\/\"},{\"@type\":\"ListItem\",\"position\":2,\"name\":\"Shop\",\"item\":\"https:\\\/\\\/andartak.is\\\/shop\\\/\"},{\"@type\":\"ListItem\",\"position\":3,\"name\":\"Villt viska og dj\u00fap hv\u00edld &#8211; innborgun\"}]},{\"@type\":\"WebSite\",\"@id\":\"https:\\\/\\\/andartak.is\\\/#website\",\"url\":\"https:\\\/\\\/andartak.is\\\/\",\"name\":\"Andartak\",\"description\":\"J\u00f3ga Yoga F\u00f3kusing Focusing H\u00f3m\u00f3pat\u00eda Homeopathy L\u00edf\u00f6ndun J\u00f3ga\u00feerap\u00eda Reykjav\u00edk\",\"potentialAction\":[{\"@type\":\"SearchAction\",\"target\":{\"@type\":\"EntryPoint\",\"urlTemplate\":\"https:\\\/\\\/andartak.is\\\/?s={search_term_string}\"},\"query-input\":{\"@type\":\"PropertyValueSpecification\",\"valueRequired\":true,\"valueName\":\"search_term_string\"}}],\"inLanguage\":\"is\"}]}<\/script>\n<!-- \/ Yoast SEO plugin. -->","yoast_head_json":{"title":"Villt viska og dj\u00fap hv\u00edld - innborgun - Andartak","robots":{"index":"index","follow":"follow","max-snippet":"max-snippet:-1","max-image-preview":"max-image-preview:large","max-video-preview":"max-video-preview:-1"},"canonical":"https:\/\/andartak.is\/is\/product\/villt-viska-og-djup-hvild-innborgun\/","og_locale":"is_IS","og_type":"article","og_title":"Villt viska og dj\u00fap hv\u00edld - innborgun - Andartak","og_description":"10 vikna endurn\u00fdjunarfer\u00f0alag fyrir konur \u00e1 og eftir breytingaskei\u00f0, Lei\u00f0 \u00far streitu, svefnleysi og spennu yfir \u00ed d\u00fdpri svefn og auki\u00f0 sj\u00e1lfstraust.","og_url":"https:\/\/andartak.is\/is\/product\/villt-viska-og-djup-hvild-innborgun\/","og_site_name":"Andartak","og_image":[{"width":1707,"height":2560,"url":"https:\/\/andartak.is\/wp-content\/uploads\/2026\/01\/DSF8455-copy-scaled.jpg","type":"image\/jpeg"}],"twitter_card":"summary_large_image","twitter_misc":{"Est. reading time":"1 minute"},"schema":{"@context":"https:\/\/schema.org","@graph":[{"@type":"WebPage","@id":"https:\/\/andartak.is\/product\/villt-viska-og-djup-hvild-innborgun\/","url":"https:\/\/andartak.is\/product\/villt-viska-og-djup-hvild-innborgun\/","name":"Villt viska og dj\u00fap hv\u00edld - innborgun - Andartak","isPartOf":{"@id":"https:\/\/andartak.is\/#website"},"primaryImageOfPage":{"@id":"https:\/\/andartak.is\/product\/villt-viska-og-djup-hvild-innborgun\/#primaryimage"},"image":{"@id":"https:\/\/andartak.is\/product\/villt-viska-og-djup-hvild-innborgun\/#primaryimage"},"thumbnailUrl":"https:\/\/andartak.is\/wp-content\/uploads\/2026\/01\/DSF8455-copy-scaled.jpg","datePublished":"2026-01-29T20:05:08+00:00","breadcrumb":{"@id":"https:\/\/andartak.is\/product\/villt-viska-og-djup-hvild-innborgun\/#breadcrumb"},"inLanguage":"is","potentialAction":[{"@type":"ReadAction","target":["https:\/\/andartak.is\/product\/villt-viska-og-djup-hvild-innborgun\/"]}]},{"@type":"ImageObject","inLanguage":"is","@id":"https:\/\/andartak.is\/product\/villt-viska-og-djup-hvild-innborgun\/#primaryimage","url":"https:\/\/andartak.is\/wp-content\/uploads\/2026\/01\/DSF8455-copy-scaled.jpg","contentUrl":"https:\/\/andartak.is\/wp-content\/uploads\/2026\/01\/DSF8455-copy-scaled.jpg","width":1707,"height":2560},{"@type":"BreadcrumbList","@id":"https:\/\/andartak.is\/product\/villt-viska-og-djup-hvild-innborgun\/#breadcrumb","itemListElement":[{"@type":"ListItem","position":1,"name":"Home","item":"https:\/\/andartak.is\/"},{"@type":"ListItem","position":2,"name":"Shop","item":"https:\/\/andartak.is\/shop\/"},{"@type":"ListItem","position":3,"name":"Villt viska og dj\u00fap hv\u00edld &#8211; innborgun"}]},{"@type":"WebSite","@id":"https:\/\/andartak.is\/#website","url":"https:\/\/andartak.is\/","name":"Andartak","description":"J\u00f3ga Yoga F\u00f3kusing Focusing H\u00f3m\u00f3pat\u00eda Homeopathy L\u00edf\u00f6ndun J\u00f3ga\u00feerap\u00eda Reykjav\u00edk","potentialAction":[{"@type":"SearchAction","target":{"@type":"EntryPoint","urlTemplate":"https:\/\/andartak.is\/?s={search_term_string}"},"query-input":{"@type":"PropertyValueSpecification","valueRequired":true,"valueName":"search_term_string"}}],"inLanguage":"is"}]}},"_links":{"self":[{"href":"https:\/\/andartak.is\/is\/wp-json\/wp\/v2\/product\/13755","targetHints":{"allow":["GET"]}}],"collection":[{"href":"https:\/\/andartak.is\/is\/wp-json\/wp\/v2\/product"}],"about":[{"href":"https:\/\/andartak.is\/is\/wp-json\/wp\/v2\/types\/product"}],"replies":[{"embeddable":true,"href":"https:\/\/andartak.is\/is\/wp-json\/wp\/v2\/comments?post=13755"}],"wp:featuredmedia":[{"embeddable":true,"href":"https:\/\/andartak.is\/is\/wp-json\/wp\/v2\/media\/13752"}],"wp:attachment":[{"href":"https:\/\/andartak.is\/is\/wp-json\/wp\/v2\/media?parent=13755"}],"wp:term":[{"taxonomy":"product_brand","embeddable":true,"href":"https:\/\/andartak.is\/is\/wp-json\/wp\/v2\/product_brand?post=13755"},{"taxonomy":"product_cat","embeddable":true,"href":"https:\/\/andartak.is\/is\/wp-json\/wp\/v2\/product_cat?post=13755"},{"taxonomy":"product_tag","embeddable":true,"href":"https:\/\/andartak.is\/is\/wp-json\/wp\/v2\/product_tag?post=13755"}],"curies":[{"name":"wp","href":"https:\/\/api.w.org\/{rel}","templated":true}]}}