{"id":13461,"date":"2025-11-03T19:13:51","date_gmt":"2025-11-03T19:13:51","guid":{"rendered":"https:\/\/andartak.is\/?post_type=product&#038;p=13461"},"modified":"2025-11-03T19:13:51","modified_gmt":"2025-11-03T19:13:51","slug":"blomstradu-a-breytingaskeidi-haust-25","status":"publish","type":"product","link":"https:\/\/andartak.is\/is\/product\/blomstradu-a-breytingaskeidi-haust-25\/","title":{"rendered":"Bl\u00f3mstra\u00f0u \u00e1 breytingaskei\u00f0i &#8211; haust 25"},"content":{"rendered":"<p><strong>\u00dar svefnvanda, streitu og \u00fereytu \u2013 \u00ed orku, sj\u00e1lfstraust og innri r\u00f3. <\/strong><strong>12 vikna heildr\u00e6nt endurn\u00fdjunarfer\u00f0alag fyrir konur \u00e1 mi\u00f0jum aldri sem vilja bl\u00f3mstra \u00e1 eigin forsendum. <\/strong><strong>L\u00e6r\u00f0u a\u00f0 stilla taugakerfi\u00f0, treysta inns\u00e6inu og mynda seiglu.<\/strong><\/p>","protected":false},"excerpt":{"rendered":"<p>\u00dar svefnvanda, streitu og \u00fereytu \u2013 \u00ed orku, sj\u00e1lfstraust og innri r\u00f3. 12 vikna heildr\u00e6nt endurn\u00fdjunarfer\u00f0alag fyrir konur \u00e1 mi\u00f0jum aldri sem vilja bl\u00f3mstra \u00e1 eigin forsendum. L\u00e6r\u00f0u a\u00f0 stilla taugakerfi\u00f0, treysta inns\u00e6inu og mynda seiglu.<\/p>","protected":false},"featured_media":0,"comment_status":"closed","ping_status":"closed","template":"","meta":{"_et_pb_use_builder":"","_et_pb_old_content":"","_et_gb_content_width":""},"product_brand":[],"product_cat":[43],"product_tag":[],"class_list":{"0":"post-13461","1":"product","2":"type-product","3":"status-publish","5":"product_cat-uncategorized","7":"first","8":"instock","9":"sale","10":"shipping-taxable","11":"purchasable","12":"product-type-simple"},"yoast_head":"<!-- This site is optimized with the Yoast SEO plugin v27.3 - https:\/\/yoast.com\/product\/yoast-seo-wordpress\/ -->\n<title>Bl\u00f3mstra\u00f0u \u00e1 breytingaskei\u00f0i - haust 25 - Andartak<\/title>\n<meta name=\"robots\" content=\"index, follow, max-snippet:-1, max-image-preview:large, max-video-preview:-1\" \/>\n<link rel=\"canonical\" href=\"https:\/\/andartak.is\/is\/product\/blomstradu-a-breytingaskeidi-haust-25\/\" \/>\n<meta property=\"og:locale\" content=\"is_IS\" \/>\n<meta property=\"og:type\" content=\"article\" \/>\n<meta property=\"og:title\" content=\"Bl\u00f3mstra\u00f0u \u00e1 breytingaskei\u00f0i - haust 25 - Andartak\" \/>\n<meta property=\"og:description\" content=\"\u00dar svefnvanda, streitu og \u00fereytu \u2013 \u00ed orku, sj\u00e1lfstraust og innri r\u00f3. 12 vikna heildr\u00e6nt endurn\u00fdjunarfer\u00f0alag fyrir konur \u00e1 mi\u00f0jum aldri sem vilja bl\u00f3mstra \u00e1 eigin forsendum. L\u00e6r\u00f0u a\u00f0 stilla taugakerfi\u00f0, treysta inns\u00e6inu og mynda seiglu.\" \/>\n<meta property=\"og:url\" content=\"https:\/\/andartak.is\/is\/product\/blomstradu-a-breytingaskeidi-haust-25\/\" \/>\n<meta property=\"og:site_name\" content=\"Andartak\" \/>\n<meta name=\"twitter:card\" content=\"summary_large_image\" \/>\n<meta name=\"twitter:label1\" content=\"Est. reading time\" \/>\n\t<meta name=\"twitter:data1\" content=\"1 minute\" \/>\n<script type=\"application\/ld+json\" class=\"yoast-schema-graph\">{\"@context\":\"https:\\\/\\\/schema.org\",\"@graph\":[{\"@type\":\"WebPage\",\"@id\":\"https:\\\/\\\/andartak.is\\\/product\\\/blomstradu-a-breytingaskeidi-haust-25\\\/\",\"url\":\"https:\\\/\\\/andartak.is\\\/product\\\/blomstradu-a-breytingaskeidi-haust-25\\\/\",\"name\":\"Bl\u00f3mstra\u00f0u \u00e1 breytingaskei\u00f0i - haust 25 - Andartak\",\"isPartOf\":{\"@id\":\"https:\\\/\\\/andartak.is\\\/#website\"},\"datePublished\":\"2025-11-03T19:13:51+00:00\",\"breadcrumb\":{\"@id\":\"https:\\\/\\\/andartak.is\\\/product\\\/blomstradu-a-breytingaskeidi-haust-25\\\/#breadcrumb\"},\"inLanguage\":\"is\",\"potentialAction\":[{\"@type\":\"ReadAction\",\"target\":[\"https:\\\/\\\/andartak.is\\\/product\\\/blomstradu-a-breytingaskeidi-haust-25\\\/\"]}]},{\"@type\":\"BreadcrumbList\",\"@id\":\"https:\\\/\\\/andartak.is\\\/product\\\/blomstradu-a-breytingaskeidi-haust-25\\\/#breadcrumb\",\"itemListElement\":[{\"@type\":\"ListItem\",\"position\":1,\"name\":\"Home\",\"item\":\"https:\\\/\\\/andartak.is\\\/\"},{\"@type\":\"ListItem\",\"position\":2,\"name\":\"Shop\",\"item\":\"https:\\\/\\\/andartak.is\\\/shop\\\/\"},{\"@type\":\"ListItem\",\"position\":3,\"name\":\"Bl\u00f3mstra\u00f0u \u00e1 breytingaskei\u00f0i &#8211; haust 25\"}]},{\"@type\":\"WebSite\",\"@id\":\"https:\\\/\\\/andartak.is\\\/#website\",\"url\":\"https:\\\/\\\/andartak.is\\\/\",\"name\":\"Andartak\",\"description\":\"J\u00f3ga Yoga F\u00f3kusing Focusing H\u00f3m\u00f3pat\u00eda Homeopathy L\u00edf\u00f6ndun J\u00f3ga\u00feerap\u00eda Reykjav\u00edk\",\"potentialAction\":[{\"@type\":\"SearchAction\",\"target\":{\"@type\":\"EntryPoint\",\"urlTemplate\":\"https:\\\/\\\/andartak.is\\\/?s={search_term_string}\"},\"query-input\":{\"@type\":\"PropertyValueSpecification\",\"valueRequired\":true,\"valueName\":\"search_term_string\"}}],\"inLanguage\":\"is\"}]}<\/script>\n<!-- \/ Yoast SEO plugin. -->","yoast_head_json":{"title":"Bl\u00f3mstra\u00f0u \u00e1 breytingaskei\u00f0i - haust 25 - Andartak","robots":{"index":"index","follow":"follow","max-snippet":"max-snippet:-1","max-image-preview":"max-image-preview:large","max-video-preview":"max-video-preview:-1"},"canonical":"https:\/\/andartak.is\/is\/product\/blomstradu-a-breytingaskeidi-haust-25\/","og_locale":"is_IS","og_type":"article","og_title":"Bl\u00f3mstra\u00f0u \u00e1 breytingaskei\u00f0i - haust 25 - Andartak","og_description":"\u00dar svefnvanda, streitu og \u00fereytu \u2013 \u00ed orku, sj\u00e1lfstraust og innri r\u00f3. 12 vikna heildr\u00e6nt endurn\u00fdjunarfer\u00f0alag fyrir konur \u00e1 mi\u00f0jum aldri sem vilja bl\u00f3mstra \u00e1 eigin forsendum. L\u00e6r\u00f0u a\u00f0 stilla taugakerfi\u00f0, treysta inns\u00e6inu og mynda seiglu.","og_url":"https:\/\/andartak.is\/is\/product\/blomstradu-a-breytingaskeidi-haust-25\/","og_site_name":"Andartak","twitter_card":"summary_large_image","twitter_misc":{"Est. reading time":"1 minute"},"schema":{"@context":"https:\/\/schema.org","@graph":[{"@type":"WebPage","@id":"https:\/\/andartak.is\/product\/blomstradu-a-breytingaskeidi-haust-25\/","url":"https:\/\/andartak.is\/product\/blomstradu-a-breytingaskeidi-haust-25\/","name":"Bl\u00f3mstra\u00f0u \u00e1 breytingaskei\u00f0i - haust 25 - Andartak","isPartOf":{"@id":"https:\/\/andartak.is\/#website"},"datePublished":"2025-11-03T19:13:51+00:00","breadcrumb":{"@id":"https:\/\/andartak.is\/product\/blomstradu-a-breytingaskeidi-haust-25\/#breadcrumb"},"inLanguage":"is","potentialAction":[{"@type":"ReadAction","target":["https:\/\/andartak.is\/product\/blomstradu-a-breytingaskeidi-haust-25\/"]}]},{"@type":"BreadcrumbList","@id":"https:\/\/andartak.is\/product\/blomstradu-a-breytingaskeidi-haust-25\/#breadcrumb","itemListElement":[{"@type":"ListItem","position":1,"name":"Home","item":"https:\/\/andartak.is\/"},{"@type":"ListItem","position":2,"name":"Shop","item":"https:\/\/andartak.is\/shop\/"},{"@type":"ListItem","position":3,"name":"Bl\u00f3mstra\u00f0u \u00e1 breytingaskei\u00f0i &#8211; haust 25"}]},{"@type":"WebSite","@id":"https:\/\/andartak.is\/#website","url":"https:\/\/andartak.is\/","name":"Andartak","description":"J\u00f3ga Yoga F\u00f3kusing Focusing H\u00f3m\u00f3pat\u00eda Homeopathy L\u00edf\u00f6ndun J\u00f3ga\u00feerap\u00eda Reykjav\u00edk","potentialAction":[{"@type":"SearchAction","target":{"@type":"EntryPoint","urlTemplate":"https:\/\/andartak.is\/?s={search_term_string}"},"query-input":{"@type":"PropertyValueSpecification","valueRequired":true,"valueName":"search_term_string"}}],"inLanguage":"is"}]}},"_links":{"self":[{"href":"https:\/\/andartak.is\/is\/wp-json\/wp\/v2\/product\/13461","targetHints":{"allow":["GET"]}}],"collection":[{"href":"https:\/\/andartak.is\/is\/wp-json\/wp\/v2\/product"}],"about":[{"href":"https:\/\/andartak.is\/is\/wp-json\/wp\/v2\/types\/product"}],"replies":[{"embeddable":true,"href":"https:\/\/andartak.is\/is\/wp-json\/wp\/v2\/comments?post=13461"}],"wp:attachment":[{"href":"https:\/\/andartak.is\/is\/wp-json\/wp\/v2\/media?parent=13461"}],"wp:term":[{"taxonomy":"product_brand","embeddable":true,"href":"https:\/\/andartak.is\/is\/wp-json\/wp\/v2\/product_brand?post=13461"},{"taxonomy":"product_cat","embeddable":true,"href":"https:\/\/andartak.is\/is\/wp-json\/wp\/v2\/product_cat?post=13461"},{"taxonomy":"product_tag","embeddable":true,"href":"https:\/\/andartak.is\/is\/wp-json\/wp\/v2\/product_tag?post=13461"}],"curies":[{"name":"wp","href":"https:\/\/api.w.org\/{rel}","templated":true}]}}