{"id":13456,"date":"2025-11-03T19:07:01","date_gmt":"2025-11-03T19:07:01","guid":{"rendered":"https:\/\/andartak.is\/?post_type=product&#038;p=13456"},"modified":"2025-11-03T19:09:20","modified_gmt":"2025-11-03T19:09:20","slug":"blomstradu-a-breytingaskeidi-tilbod","status":"publish","type":"product","link":"https:\/\/andartak.is\/is\/product\/blomstradu-a-breytingaskeidi-tilbod\/","title":{"rendered":"Bl\u00f3mstra\u00f0u \u00e1 breytingaskei\u00f0i &#8211; tilbo\u00f0"},"content":{"rendered":"<p>12 vikna n\u00e1mskei\u00f0 \u00fear sem vi\u00f0 vinnum \u00ed a\u00f0 styrkja taugakerfi\u00f0 og byggja upp seiglu.<\/p>\n<p>S\u00e9rstakt tilbo\u00f0sver\u00f0 til \u00fe\u00e1tttakenda \u00e1 n\u00e1mskei\u00f0inu Endurn\u00e6randi svefn.<\/p>\n<p>&nbsp;<\/p>\n<p>&nbsp;<\/p>","protected":false},"excerpt":{"rendered":"<p>12 vikna n\u00e1mskei\u00f0 \u00fear sem vi\u00f0 vinnum \u00ed a\u00f0 styrkja taugakerfi\u00f0 og byggja upp seiglu. S\u00e9rstakt tilbo\u00f0sver\u00f0 til \u00fe\u00e1tttakenda \u00e1 n\u00e1mskei\u00f0inu Endurn\u00e6randi svefn. &nbsp; &nbsp;<\/p>","protected":false},"featured_media":13178,"comment_status":"closed","ping_status":"closed","template":"","meta":{"_et_pb_use_builder":"","_et_pb_old_content":"","_et_gb_content_width":""},"product_brand":[],"product_cat":[43],"product_tag":[],"class_list":{"0":"post-13456","1":"product","2":"type-product","3":"status-publish","4":"has-post-thumbnail","6":"product_cat-uncategorized","8":"first","9":"instock","10":"sale","11":"shipping-taxable","12":"purchasable","13":"product-type-simple"},"yoast_head":"<!-- This site is optimized with the Yoast SEO plugin v27.3 - https:\/\/yoast.com\/product\/yoast-seo-wordpress\/ -->\n<title>Bl\u00f3mstra\u00f0u \u00e1 breytingaskei\u00f0i - tilbo\u00f0 - Andartak<\/title>\n<meta name=\"robots\" content=\"index, follow, max-snippet:-1, max-image-preview:large, max-video-preview:-1\" \/>\n<link rel=\"canonical\" href=\"https:\/\/andartak.is\/is\/product\/blomstradu-a-breytingaskeidi-tilbod\/\" \/>\n<meta property=\"og:locale\" content=\"is_IS\" \/>\n<meta property=\"og:type\" content=\"article\" \/>\n<meta property=\"og:title\" content=\"Bl\u00f3mstra\u00f0u \u00e1 breytingaskei\u00f0i - tilbo\u00f0 - Andartak\" \/>\n<meta property=\"og:description\" content=\"12 vikna n\u00e1mskei\u00f0 \u00fear sem vi\u00f0 vinnum \u00ed a\u00f0 styrkja taugakerfi\u00f0 og byggja upp seiglu. S\u00e9rstakt tilbo\u00f0sver\u00f0 til \u00fe\u00e1tttakenda \u00e1 n\u00e1mskei\u00f0inu Endurn\u00e6randi svefn. &nbsp; &nbsp;\" \/>\n<meta property=\"og:url\" content=\"https:\/\/andartak.is\/is\/product\/blomstradu-a-breytingaskeidi-tilbod\/\" \/>\n<meta property=\"og:site_name\" content=\"Andartak\" \/>\n<meta property=\"article:modified_time\" content=\"2025-11-03T19:09:20+00:00\" \/>\n<meta property=\"og:image\" content=\"https:\/\/andartak.is\/wp-content\/uploads\/2025\/09\/DSF8541-copy-scaled.jpg\" \/>\n\t<meta property=\"og:image:width\" content=\"2560\" \/>\n\t<meta property=\"og:image:height\" content=\"1707\" \/>\n\t<meta property=\"og:image:type\" content=\"image\/jpeg\" \/>\n<meta name=\"twitter:card\" content=\"summary_large_image\" \/>\n<meta name=\"twitter:label1\" content=\"Est. reading time\" \/>\n\t<meta name=\"twitter:data1\" content=\"1 minute\" \/>\n<script type=\"application\/ld+json\" class=\"yoast-schema-graph\">{\"@context\":\"https:\\\/\\\/schema.org\",\"@graph\":[{\"@type\":\"WebPage\",\"@id\":\"https:\\\/\\\/andartak.is\\\/product\\\/blomstradu-a-breytingaskeidi-tilbod\\\/\",\"url\":\"https:\\\/\\\/andartak.is\\\/product\\\/blomstradu-a-breytingaskeidi-tilbod\\\/\",\"name\":\"Bl\u00f3mstra\u00f0u \u00e1 breytingaskei\u00f0i - tilbo\u00f0 - Andartak\",\"isPartOf\":{\"@id\":\"https:\\\/\\\/andartak.is\\\/#website\"},\"primaryImageOfPage\":{\"@id\":\"https:\\\/\\\/andartak.is\\\/product\\\/blomstradu-a-breytingaskeidi-tilbod\\\/#primaryimage\"},\"image\":{\"@id\":\"https:\\\/\\\/andartak.is\\\/product\\\/blomstradu-a-breytingaskeidi-tilbod\\\/#primaryimage\"},\"thumbnailUrl\":\"https:\\\/\\\/andartak.is\\\/wp-content\\\/uploads\\\/2025\\\/09\\\/DSF8541-copy-scaled.jpg\",\"datePublished\":\"2025-11-03T19:07:01+00:00\",\"dateModified\":\"2025-11-03T19:09:20+00:00\",\"breadcrumb\":{\"@id\":\"https:\\\/\\\/andartak.is\\\/product\\\/blomstradu-a-breytingaskeidi-tilbod\\\/#breadcrumb\"},\"inLanguage\":\"is\",\"potentialAction\":[{\"@type\":\"ReadAction\",\"target\":[\"https:\\\/\\\/andartak.is\\\/product\\\/blomstradu-a-breytingaskeidi-tilbod\\\/\"]}]},{\"@type\":\"ImageObject\",\"inLanguage\":\"is\",\"@id\":\"https:\\\/\\\/andartak.is\\\/product\\\/blomstradu-a-breytingaskeidi-tilbod\\\/#primaryimage\",\"url\":\"https:\\\/\\\/andartak.is\\\/wp-content\\\/uploads\\\/2025\\\/09\\\/DSF8541-copy-scaled.jpg\",\"contentUrl\":\"https:\\\/\\\/andartak.is\\\/wp-content\\\/uploads\\\/2025\\\/09\\\/DSF8541-copy-scaled.jpg\",\"width\":2560,\"height\":1707},{\"@type\":\"BreadcrumbList\",\"@id\":\"https:\\\/\\\/andartak.is\\\/product\\\/blomstradu-a-breytingaskeidi-tilbod\\\/#breadcrumb\",\"itemListElement\":[{\"@type\":\"ListItem\",\"position\":1,\"name\":\"Home\",\"item\":\"https:\\\/\\\/andartak.is\\\/\"},{\"@type\":\"ListItem\",\"position\":2,\"name\":\"Shop\",\"item\":\"https:\\\/\\\/andartak.is\\\/shop\\\/\"},{\"@type\":\"ListItem\",\"position\":3,\"name\":\"Bl\u00f3mstra\u00f0u \u00e1 breytingaskei\u00f0i &#8211; tilbo\u00f0\"}]},{\"@type\":\"WebSite\",\"@id\":\"https:\\\/\\\/andartak.is\\\/#website\",\"url\":\"https:\\\/\\\/andartak.is\\\/\",\"name\":\"Andartak\",\"description\":\"J\u00f3ga Yoga F\u00f3kusing Focusing H\u00f3m\u00f3pat\u00eda Homeopathy L\u00edf\u00f6ndun J\u00f3ga\u00feerap\u00eda Reykjav\u00edk\",\"potentialAction\":[{\"@type\":\"SearchAction\",\"target\":{\"@type\":\"EntryPoint\",\"urlTemplate\":\"https:\\\/\\\/andartak.is\\\/?s={search_term_string}\"},\"query-input\":{\"@type\":\"PropertyValueSpecification\",\"valueRequired\":true,\"valueName\":\"search_term_string\"}}],\"inLanguage\":\"is\"}]}<\/script>\n<!-- \/ Yoast SEO plugin. -->","yoast_head_json":{"title":"Bl\u00f3mstra\u00f0u \u00e1 breytingaskei\u00f0i - tilbo\u00f0 - Andartak","robots":{"index":"index","follow":"follow","max-snippet":"max-snippet:-1","max-image-preview":"max-image-preview:large","max-video-preview":"max-video-preview:-1"},"canonical":"https:\/\/andartak.is\/is\/product\/blomstradu-a-breytingaskeidi-tilbod\/","og_locale":"is_IS","og_type":"article","og_title":"Bl\u00f3mstra\u00f0u \u00e1 breytingaskei\u00f0i - tilbo\u00f0 - Andartak","og_description":"12 vikna n\u00e1mskei\u00f0 \u00fear sem vi\u00f0 vinnum \u00ed a\u00f0 styrkja taugakerfi\u00f0 og byggja upp seiglu. S\u00e9rstakt tilbo\u00f0sver\u00f0 til \u00fe\u00e1tttakenda \u00e1 n\u00e1mskei\u00f0inu Endurn\u00e6randi svefn. &nbsp; &nbsp;","og_url":"https:\/\/andartak.is\/is\/product\/blomstradu-a-breytingaskeidi-tilbod\/","og_site_name":"Andartak","article_modified_time":"2025-11-03T19:09:20+00:00","og_image":[{"width":2560,"height":1707,"url":"https:\/\/andartak.is\/wp-content\/uploads\/2025\/09\/DSF8541-copy-scaled.jpg","type":"image\/jpeg"}],"twitter_card":"summary_large_image","twitter_misc":{"Est. reading time":"1 minute"},"schema":{"@context":"https:\/\/schema.org","@graph":[{"@type":"WebPage","@id":"https:\/\/andartak.is\/product\/blomstradu-a-breytingaskeidi-tilbod\/","url":"https:\/\/andartak.is\/product\/blomstradu-a-breytingaskeidi-tilbod\/","name":"Bl\u00f3mstra\u00f0u \u00e1 breytingaskei\u00f0i - tilbo\u00f0 - Andartak","isPartOf":{"@id":"https:\/\/andartak.is\/#website"},"primaryImageOfPage":{"@id":"https:\/\/andartak.is\/product\/blomstradu-a-breytingaskeidi-tilbod\/#primaryimage"},"image":{"@id":"https:\/\/andartak.is\/product\/blomstradu-a-breytingaskeidi-tilbod\/#primaryimage"},"thumbnailUrl":"https:\/\/andartak.is\/wp-content\/uploads\/2025\/09\/DSF8541-copy-scaled.jpg","datePublished":"2025-11-03T19:07:01+00:00","dateModified":"2025-11-03T19:09:20+00:00","breadcrumb":{"@id":"https:\/\/andartak.is\/product\/blomstradu-a-breytingaskeidi-tilbod\/#breadcrumb"},"inLanguage":"is","potentialAction":[{"@type":"ReadAction","target":["https:\/\/andartak.is\/product\/blomstradu-a-breytingaskeidi-tilbod\/"]}]},{"@type":"ImageObject","inLanguage":"is","@id":"https:\/\/andartak.is\/product\/blomstradu-a-breytingaskeidi-tilbod\/#primaryimage","url":"https:\/\/andartak.is\/wp-content\/uploads\/2025\/09\/DSF8541-copy-scaled.jpg","contentUrl":"https:\/\/andartak.is\/wp-content\/uploads\/2025\/09\/DSF8541-copy-scaled.jpg","width":2560,"height":1707},{"@type":"BreadcrumbList","@id":"https:\/\/andartak.is\/product\/blomstradu-a-breytingaskeidi-tilbod\/#breadcrumb","itemListElement":[{"@type":"ListItem","position":1,"name":"Home","item":"https:\/\/andartak.is\/"},{"@type":"ListItem","position":2,"name":"Shop","item":"https:\/\/andartak.is\/shop\/"},{"@type":"ListItem","position":3,"name":"Bl\u00f3mstra\u00f0u \u00e1 breytingaskei\u00f0i &#8211; tilbo\u00f0"}]},{"@type":"WebSite","@id":"https:\/\/andartak.is\/#website","url":"https:\/\/andartak.is\/","name":"Andartak","description":"J\u00f3ga Yoga F\u00f3kusing Focusing H\u00f3m\u00f3pat\u00eda Homeopathy L\u00edf\u00f6ndun J\u00f3ga\u00feerap\u00eda Reykjav\u00edk","potentialAction":[{"@type":"SearchAction","target":{"@type":"EntryPoint","urlTemplate":"https:\/\/andartak.is\/?s={search_term_string}"},"query-input":{"@type":"PropertyValueSpecification","valueRequired":true,"valueName":"search_term_string"}}],"inLanguage":"is"}]}},"_links":{"self":[{"href":"https:\/\/andartak.is\/is\/wp-json\/wp\/v2\/product\/13456","targetHints":{"allow":["GET"]}}],"collection":[{"href":"https:\/\/andartak.is\/is\/wp-json\/wp\/v2\/product"}],"about":[{"href":"https:\/\/andartak.is\/is\/wp-json\/wp\/v2\/types\/product"}],"replies":[{"embeddable":true,"href":"https:\/\/andartak.is\/is\/wp-json\/wp\/v2\/comments?post=13456"}],"wp:featuredmedia":[{"embeddable":true,"href":"https:\/\/andartak.is\/is\/wp-json\/wp\/v2\/media\/13178"}],"wp:attachment":[{"href":"https:\/\/andartak.is\/is\/wp-json\/wp\/v2\/media?parent=13456"}],"wp:term":[{"taxonomy":"product_brand","embeddable":true,"href":"https:\/\/andartak.is\/is\/wp-json\/wp\/v2\/product_brand?post=13456"},{"taxonomy":"product_cat","embeddable":true,"href":"https:\/\/andartak.is\/is\/wp-json\/wp\/v2\/product_cat?post=13456"},{"taxonomy":"product_tag","embeddable":true,"href":"https:\/\/andartak.is\/is\/wp-json\/wp\/v2\/product_tag?post=13456"}],"curies":[{"name":"wp","href":"https:\/\/api.w.org\/{rel}","templated":true}]}}