{"id":13282,"date":"2025-10-20T12:38:41","date_gmt":"2025-10-20T12:38:41","guid":{"rendered":"https:\/\/andartak.is\/?post_type=product&#038;p=13282"},"modified":"2025-10-20T20:11:08","modified_gmt":"2025-10-20T20:11:08","slug":"finndu-thinn-takt","status":"publish","type":"product","link":"https:\/\/andartak.is\/is\/product\/finndu-thinn-takt\/","title":{"rendered":"Finndu \u00feinn takt"},"content":{"rendered":"<p data-start=\"553\" data-end=\"784\">\u00de\u00fa velur hva\u00f0 \u00fe\u00fa vilt leggja \u00e1herslu \u00e1, hvort sem \u00fea\u00f0 er a\u00f0 b\u00e6ta svefn, jafna orkuna, r\u00f3a taugakerfi\u00f0, setja m\u00f6rk \u00ed daglegu l\u00edfi, matar\u00e6\u00f0i sem n\u00e6rir \u00feig e\u00f0a a\u00f0 finna hva\u00f0 hindrar \u00feig \u00ed a\u00f0 bl\u00f3mstra.<\/p>\n<p data-start=\"786\" data-end=\"981\"><strong data-start=\"786\" data-end=\"800\">Innifali\u00f0:<\/strong><br data-start=\"800\" data-end=\"803\" \/>\u00der\u00edr einkat\u00edmar (30 m\u00edn.) + B\u00f3nust\u00edmi \u00ed byrjun til a\u00f0 stilla \u00e1ttavitann og m\u00f3ta markmi\u00f0<br data-start=\"890\" data-end=\"893\" \/>Upptaka me\u00f0 \u00f6ndunar\u00e6fingu e\u00f0a huglei\u00f0slu og vinnub\u00f3k til a\u00f0 sty\u00f0ja \u00feig \u00e1 milli t\u00edma<\/p>\n<p data-start=\"786\" data-end=\"981\">T\u00edminn fer fram \u00ed gegn um Zoom.<\/p>","protected":false},"excerpt":{"rendered":"<p>\u00de\u00fa velur hva\u00f0 \u00fe\u00fa vilt leggja \u00e1herslu \u00e1, hvort sem \u00fea\u00f0 er a\u00f0 b\u00e6ta svefn, jafna orkuna, r\u00f3a taugakerfi\u00f0, setja m\u00f6rk \u00ed daglegu l\u00edfi, matar\u00e6\u00f0i sem n\u00e6rir \u00feig e\u00f0a a\u00f0 finna hva\u00f0 hindrar \u00feig \u00ed a\u00f0 bl\u00f3mstra. Innifali\u00f0:\u00der\u00edr einkat\u00edmar (30 m\u00edn.) + B\u00f3nust\u00edmi \u00ed byrjun til a\u00f0 stilla \u00e1ttavitann og m\u00f3ta markmi\u00f0Upptaka me\u00f0 \u00f6ndunar\u00e6fingu e\u00f0a [&hellip;]<\/p>\n","protected":false},"featured_media":12398,"comment_status":"closed","ping_status":"closed","template":"","meta":{"_et_pb_use_builder":"","_et_pb_old_content":"","_et_gb_content_width":""},"product_brand":[],"product_cat":[43],"product_tag":[],"class_list":{"0":"post-13282","1":"product","2":"type-product","3":"status-publish","4":"has-post-thumbnail","6":"product_cat-uncategorized","8":"first","9":"instock","10":"shipping-taxable","11":"purchasable","12":"product-type-simple"},"yoast_head":"<!-- This site is optimized with the Yoast SEO plugin v27.3 - https:\/\/yoast.com\/product\/yoast-seo-wordpress\/ -->\n<title>Finndu \u00feinn takt - Andartak<\/title>\n<meta name=\"robots\" content=\"index, follow, max-snippet:-1, max-image-preview:large, max-video-preview:-1\" \/>\n<link rel=\"canonical\" href=\"https:\/\/andartak.is\/is\/product\/finndu-thinn-takt\/\" \/>\n<meta property=\"og:locale\" content=\"is_IS\" \/>\n<meta property=\"og:type\" content=\"article\" \/>\n<meta property=\"og:title\" content=\"Finndu \u00feinn takt - Andartak\" \/>\n<meta property=\"og:description\" content=\"\u00de\u00fa velur hva\u00f0 \u00fe\u00fa vilt leggja \u00e1herslu \u00e1, hvort sem \u00fea\u00f0 er a\u00f0 b\u00e6ta svefn, jafna orkuna, r\u00f3a taugakerfi\u00f0, setja m\u00f6rk \u00ed daglegu l\u00edfi, matar\u00e6\u00f0i sem n\u00e6rir \u00feig e\u00f0a a\u00f0 finna hva\u00f0 hindrar \u00feig \u00ed a\u00f0 bl\u00f3mstra. Innifali\u00f0:\u00der\u00edr einkat\u00edmar (30 m\u00edn.) + B\u00f3nust\u00edmi \u00ed byrjun til a\u00f0 stilla \u00e1ttavitann og m\u00f3ta markmi\u00f0Upptaka me\u00f0 \u00f6ndunar\u00e6fingu e\u00f0a [&hellip;]\" \/>\n<meta property=\"og:url\" content=\"https:\/\/andartak.is\/is\/product\/finndu-thinn-takt\/\" \/>\n<meta property=\"og:site_name\" content=\"Andartak\" \/>\n<meta property=\"article:modified_time\" content=\"2025-10-20T20:11:08+00:00\" \/>\n<meta property=\"og:image\" content=\"https:\/\/andartak.is\/wp-content\/uploads\/2025\/02\/5.png\" \/>\n\t<meta property=\"og:image:width\" content=\"900\" \/>\n\t<meta property=\"og:image:height\" content=\"506\" \/>\n\t<meta property=\"og:image:type\" content=\"image\/png\" \/>\n<meta name=\"twitter:card\" content=\"summary_large_image\" \/>\n<meta name=\"twitter:label1\" content=\"Est. reading time\" \/>\n\t<meta name=\"twitter:data1\" content=\"1 minute\" \/>\n<script type=\"application\/ld+json\" class=\"yoast-schema-graph\">{\"@context\":\"https:\\\/\\\/schema.org\",\"@graph\":[{\"@type\":\"WebPage\",\"@id\":\"https:\\\/\\\/andartak.is\\\/product\\\/finndu-thinn-takt\\\/\",\"url\":\"https:\\\/\\\/andartak.is\\\/product\\\/finndu-thinn-takt\\\/\",\"name\":\"Finndu \u00feinn takt - Andartak\",\"isPartOf\":{\"@id\":\"https:\\\/\\\/andartak.is\\\/#website\"},\"primaryImageOfPage\":{\"@id\":\"https:\\\/\\\/andartak.is\\\/product\\\/finndu-thinn-takt\\\/#primaryimage\"},\"image\":{\"@id\":\"https:\\\/\\\/andartak.is\\\/product\\\/finndu-thinn-takt\\\/#primaryimage\"},\"thumbnailUrl\":\"https:\\\/\\\/andartak.is\\\/wp-content\\\/uploads\\\/2025\\\/02\\\/5.png\",\"datePublished\":\"2025-10-20T12:38:41+00:00\",\"dateModified\":\"2025-10-20T20:11:08+00:00\",\"breadcrumb\":{\"@id\":\"https:\\\/\\\/andartak.is\\\/product\\\/finndu-thinn-takt\\\/#breadcrumb\"},\"inLanguage\":\"is\",\"potentialAction\":[{\"@type\":\"ReadAction\",\"target\":[\"https:\\\/\\\/andartak.is\\\/product\\\/finndu-thinn-takt\\\/\"]}]},{\"@type\":\"ImageObject\",\"inLanguage\":\"is\",\"@id\":\"https:\\\/\\\/andartak.is\\\/product\\\/finndu-thinn-takt\\\/#primaryimage\",\"url\":\"https:\\\/\\\/andartak.is\\\/wp-content\\\/uploads\\\/2025\\\/02\\\/5.png\",\"contentUrl\":\"https:\\\/\\\/andartak.is\\\/wp-content\\\/uploads\\\/2025\\\/02\\\/5.png\",\"width\":900,\"height\":506},{\"@type\":\"BreadcrumbList\",\"@id\":\"https:\\\/\\\/andartak.is\\\/product\\\/finndu-thinn-takt\\\/#breadcrumb\",\"itemListElement\":[{\"@type\":\"ListItem\",\"position\":1,\"name\":\"Home\",\"item\":\"https:\\\/\\\/andartak.is\\\/\"},{\"@type\":\"ListItem\",\"position\":2,\"name\":\"Shop\",\"item\":\"https:\\\/\\\/andartak.is\\\/shop\\\/\"},{\"@type\":\"ListItem\",\"position\":3,\"name\":\"Finndu \u00feinn takt\"}]},{\"@type\":\"WebSite\",\"@id\":\"https:\\\/\\\/andartak.is\\\/#website\",\"url\":\"https:\\\/\\\/andartak.is\\\/\",\"name\":\"Andartak\",\"description\":\"J\u00f3ga Yoga F\u00f3kusing Focusing H\u00f3m\u00f3pat\u00eda Homeopathy L\u00edf\u00f6ndun J\u00f3ga\u00feerap\u00eda Reykjav\u00edk\",\"potentialAction\":[{\"@type\":\"SearchAction\",\"target\":{\"@type\":\"EntryPoint\",\"urlTemplate\":\"https:\\\/\\\/andartak.is\\\/?s={search_term_string}\"},\"query-input\":{\"@type\":\"PropertyValueSpecification\",\"valueRequired\":true,\"valueName\":\"search_term_string\"}}],\"inLanguage\":\"is\"}]}<\/script>\n<!-- \/ Yoast SEO plugin. -->","yoast_head_json":{"title":"Finndu \u00feinn takt - Andartak","robots":{"index":"index","follow":"follow","max-snippet":"max-snippet:-1","max-image-preview":"max-image-preview:large","max-video-preview":"max-video-preview:-1"},"canonical":"https:\/\/andartak.is\/is\/product\/finndu-thinn-takt\/","og_locale":"is_IS","og_type":"article","og_title":"Finndu \u00feinn takt - Andartak","og_description":"\u00de\u00fa velur hva\u00f0 \u00fe\u00fa vilt leggja \u00e1herslu \u00e1, hvort sem \u00fea\u00f0 er a\u00f0 b\u00e6ta svefn, jafna orkuna, r\u00f3a taugakerfi\u00f0, setja m\u00f6rk \u00ed daglegu l\u00edfi, matar\u00e6\u00f0i sem n\u00e6rir \u00feig e\u00f0a a\u00f0 finna hva\u00f0 hindrar \u00feig \u00ed a\u00f0 bl\u00f3mstra. Innifali\u00f0:\u00der\u00edr einkat\u00edmar (30 m\u00edn.) + B\u00f3nust\u00edmi \u00ed byrjun til a\u00f0 stilla \u00e1ttavitann og m\u00f3ta markmi\u00f0Upptaka me\u00f0 \u00f6ndunar\u00e6fingu e\u00f0a [&hellip;]","og_url":"https:\/\/andartak.is\/is\/product\/finndu-thinn-takt\/","og_site_name":"Andartak","article_modified_time":"2025-10-20T20:11:08+00:00","og_image":[{"width":900,"height":506,"url":"https:\/\/andartak.is\/wp-content\/uploads\/2025\/02\/5.png","type":"image\/png"}],"twitter_card":"summary_large_image","twitter_misc":{"Est. reading time":"1 minute"},"schema":{"@context":"https:\/\/schema.org","@graph":[{"@type":"WebPage","@id":"https:\/\/andartak.is\/product\/finndu-thinn-takt\/","url":"https:\/\/andartak.is\/product\/finndu-thinn-takt\/","name":"Finndu \u00feinn takt - Andartak","isPartOf":{"@id":"https:\/\/andartak.is\/#website"},"primaryImageOfPage":{"@id":"https:\/\/andartak.is\/product\/finndu-thinn-takt\/#primaryimage"},"image":{"@id":"https:\/\/andartak.is\/product\/finndu-thinn-takt\/#primaryimage"},"thumbnailUrl":"https:\/\/andartak.is\/wp-content\/uploads\/2025\/02\/5.png","datePublished":"2025-10-20T12:38:41+00:00","dateModified":"2025-10-20T20:11:08+00:00","breadcrumb":{"@id":"https:\/\/andartak.is\/product\/finndu-thinn-takt\/#breadcrumb"},"inLanguage":"is","potentialAction":[{"@type":"ReadAction","target":["https:\/\/andartak.is\/product\/finndu-thinn-takt\/"]}]},{"@type":"ImageObject","inLanguage":"is","@id":"https:\/\/andartak.is\/product\/finndu-thinn-takt\/#primaryimage","url":"https:\/\/andartak.is\/wp-content\/uploads\/2025\/02\/5.png","contentUrl":"https:\/\/andartak.is\/wp-content\/uploads\/2025\/02\/5.png","width":900,"height":506},{"@type":"BreadcrumbList","@id":"https:\/\/andartak.is\/product\/finndu-thinn-takt\/#breadcrumb","itemListElement":[{"@type":"ListItem","position":1,"name":"Home","item":"https:\/\/andartak.is\/"},{"@type":"ListItem","position":2,"name":"Shop","item":"https:\/\/andartak.is\/shop\/"},{"@type":"ListItem","position":3,"name":"Finndu \u00feinn takt"}]},{"@type":"WebSite","@id":"https:\/\/andartak.is\/#website","url":"https:\/\/andartak.is\/","name":"Andartak","description":"J\u00f3ga Yoga F\u00f3kusing Focusing H\u00f3m\u00f3pat\u00eda Homeopathy L\u00edf\u00f6ndun J\u00f3ga\u00feerap\u00eda Reykjav\u00edk","potentialAction":[{"@type":"SearchAction","target":{"@type":"EntryPoint","urlTemplate":"https:\/\/andartak.is\/?s={search_term_string}"},"query-input":{"@type":"PropertyValueSpecification","valueRequired":true,"valueName":"search_term_string"}}],"inLanguage":"is"}]}},"_links":{"self":[{"href":"https:\/\/andartak.is\/is\/wp-json\/wp\/v2\/product\/13282","targetHints":{"allow":["GET"]}}],"collection":[{"href":"https:\/\/andartak.is\/is\/wp-json\/wp\/v2\/product"}],"about":[{"href":"https:\/\/andartak.is\/is\/wp-json\/wp\/v2\/types\/product"}],"replies":[{"embeddable":true,"href":"https:\/\/andartak.is\/is\/wp-json\/wp\/v2\/comments?post=13282"}],"wp:featuredmedia":[{"embeddable":true,"href":"https:\/\/andartak.is\/is\/wp-json\/wp\/v2\/media\/12398"}],"wp:attachment":[{"href":"https:\/\/andartak.is\/is\/wp-json\/wp\/v2\/media?parent=13282"}],"wp:term":[{"taxonomy":"product_brand","embeddable":true,"href":"https:\/\/andartak.is\/is\/wp-json\/wp\/v2\/product_brand?post=13282"},{"taxonomy":"product_cat","embeddable":true,"href":"https:\/\/andartak.is\/is\/wp-json\/wp\/v2\/product_cat?post=13282"},{"taxonomy":"product_tag","embeddable":true,"href":"https:\/\/andartak.is\/is\/wp-json\/wp\/v2\/product_tag?post=13282"}],"curies":[{"name":"wp","href":"https:\/\/api.w.org\/{rel}","templated":true}]}}