{"id":11773,"date":"2024-09-02T13:26:38","date_gmt":"2024-09-02T13:26:38","guid":{"rendered":"https:\/\/andartak.is\/?post_type=product&#038;p=11773"},"modified":"2025-04-22T10:33:07","modified_gmt":"2025-04-22T10:33:07","slug":"uppskriftir-7d","status":"publish","type":"product","link":"https:\/\/andartak.is\/is\/product\/uppskriftir-7d\/","title":{"rendered":"Breytingaskei\u00f0i\u00f0: Uppskriftir og 7 daga plan"},"content":{"rendered":"<h3><strong>Lj\u00faffengar uppskriftir og <\/strong><strong>7 daga f\u00e6\u00f0uplan<\/strong><strong>\u00a0fyrir svefntruflanir og hitak\u00f3f<\/strong><\/h3>\n<p>L\u00e6r\u00f0u hvernig matar\u00e6\u00f0i getur dregi\u00f0 \u00far hitak\u00f3fi, auki\u00f0 svefng\u00e6\u00f0i \u00fe\u00edn og vell\u00ed\u00f0an \u00e1 breytingaskei\u00f0i og \u00e1fram svo \u00fe\u00fa getir endurheimt orkuna \u00fe\u00edna. 24 uppskriftir fyrir konur \u00e1 breytingaskei\u00f0i.<\/p>\n<div id=\"row-xngsqnzPQlq\" class=\"row-align-center none noBorder radius25 cornersTop c-row c-wrapper row-xngsqnzPQlq\">\n<div class=\"inner\">\n<div id=\"col-9AcSHkAlnYq\" class=\"none noBorder radius0 none c-column c-wrapper col-9AcSHkAlnYq\">\n<div class=\"vertical inner\">\n<div id=\"heading-UqXLfH68h3q\" class=\"c-heading c-wrapper\">\n<div class=\"heading-UqXLfH68h3q text-output cheading-UqXLfH68h3q none noBorder radius0 none\" data-animation-class=\"\">\n<div>\n<h3>\u00de\u00fa f\u00e6r\u00f0&#8230;<\/h3>\n<\/div>\n<\/div>\n<\/div>\n<\/div>\n<\/div>\n<\/div>\n<\/div>\n<div id=\"row-GF9RPy_Lsgr\" class=\"row-align-center none noBorder radius0 none c-row c-wrapper row-GF9RPy_Lsgr\">\n<div class=\"inner\">\n<div id=\"col-jaPWtKDgAOg\" class=\"none noBorder radius0 none c-column c-wrapper col-jaPWtKDgAOg\">\n<div class=\"vertical inner\">\n<div id=\"bulletList-d_cemP0m4fF\" class=\"c-bullet-list c-wrapper\">\n<div class=\"bulletList-d_cemP0m4fF text-output cbulletList-d_cemP0m4fF none noBorder radius0 none\" data-animation-class=\"\">\n<div>\n<ul>\n<li>24 uppskriftir fyrir breytingaskei\u00f0i\u00f0 og hollt snakk<\/li>\n<li>7 daga f\u00e6\u00f0uplan fyrir konur \u00e1 breytingaskei\u00f0i<\/li>\n<li>Uppt\u00f6ku me\u00f0 stuttu spjalli um matar\u00e6\u00f0i \u00e1 breytingaskei\u00f0i<\/li>\n<\/ul>\n<\/div>\n<\/div>\n<\/div>\n<\/div>\n<\/div>\n<\/div>\n<\/div>\n<div id=\"row-r-WudEKNwyf\" class=\"row-align-center none noBorder radius25 cornersBottom c-row c-wrapper row-r-WudEKNwyf\">\n<div class=\"inner\">\n<div id=\"col-Mvj_TeVNTuy\" class=\"none noBorder radius0 none c-column c-wrapper col-Mvj_TeVNTuy\">\n<div class=\"vertical inner\">\n<div id=\"sub-heading-Ekjp-Rpi1Wu\" class=\"c-sub-heading c-wrapper\">\n<div class=\"sub-heading-Ekjp-Rpi1Wu text-output csub-heading-Ekjp-Rpi1Wu none noBorder radius0 none\" data-animation-class=\"\">\n<div><\/div>\n<\/div>\n<\/div>\n<\/div>\n<\/div>\n<\/div>\n<\/div>","protected":false},"excerpt":{"rendered":"<p>Lj\u00faffengar uppskriftir og 7 daga f\u00e6\u00f0uplan\u00a0fyrir svefntruflanir og hitak\u00f3f L\u00e6r\u00f0u hvernig matar\u00e6\u00f0i getur dregi\u00f0 \u00far hitak\u00f3fi, auki\u00f0 svefng\u00e6\u00f0i \u00fe\u00edn og vell\u00ed\u00f0an \u00e1 breytingaskei\u00f0i og \u00e1fram svo \u00fe\u00fa getir endurheimt orkuna \u00fe\u00edna. 24 uppskriftir fyrir konur \u00e1 breytingaskei\u00f0i. \u00de\u00fa f\u00e6r\u00f0&#8230; 24 uppskriftir fyrir breytingaskei\u00f0i\u00f0 og hollt snakk 7 daga f\u00e6\u00f0uplan fyrir konur \u00e1 breytingaskei\u00f0i Uppt\u00f6ku me\u00f0 [&hellip;]<\/p>\n","protected":false},"featured_media":11102,"comment_status":"closed","ping_status":"closed","template":"","meta":{"_et_pb_use_builder":"","_et_pb_old_content":"","_et_gb_content_width":""},"product_brand":[],"product_cat":[43],"product_tag":[],"class_list":{"0":"post-11773","1":"product","2":"type-product","3":"status-publish","4":"has-post-thumbnail","6":"product_cat-uncategorized","8":"first","9":"instock","10":"shipping-taxable","11":"purchasable","12":"product-type-simple"},"yoast_head":"<!-- This site is optimized with the Yoast SEO plugin v27.3 - https:\/\/yoast.com\/product\/yoast-seo-wordpress\/ -->\n<title>Breytingaskei\u00f0i\u00f0: Uppskriftir og 7 daga plan - Andartak<\/title>\n<meta name=\"robots\" content=\"index, follow, max-snippet:-1, max-image-preview:large, max-video-preview:-1\" \/>\n<link rel=\"canonical\" href=\"https:\/\/andartak.is\/is\/product\/uppskriftir-7d\/\" \/>\n<meta property=\"og:locale\" content=\"is_IS\" \/>\n<meta property=\"og:type\" content=\"article\" \/>\n<meta property=\"og:title\" content=\"Breytingaskei\u00f0i\u00f0: Uppskriftir og 7 daga plan - Andartak\" \/>\n<meta property=\"og:description\" content=\"Lj\u00faffengar uppskriftir og 7 daga f\u00e6\u00f0uplan\u00a0fyrir svefntruflanir og hitak\u00f3f L\u00e6r\u00f0u hvernig matar\u00e6\u00f0i getur dregi\u00f0 \u00far hitak\u00f3fi, auki\u00f0 svefng\u00e6\u00f0i \u00fe\u00edn og vell\u00ed\u00f0an \u00e1 breytingaskei\u00f0i og \u00e1fram svo \u00fe\u00fa getir endurheimt orkuna \u00fe\u00edna. 24 uppskriftir fyrir konur \u00e1 breytingaskei\u00f0i. \u00de\u00fa f\u00e6r\u00f0&#8230; 24 uppskriftir fyrir breytingaskei\u00f0i\u00f0 og hollt snakk 7 daga f\u00e6\u00f0uplan fyrir konur \u00e1 breytingaskei\u00f0i Uppt\u00f6ku me\u00f0 [&hellip;]\" \/>\n<meta property=\"og:url\" content=\"https:\/\/andartak.is\/is\/product\/uppskriftir-7d\/\" \/>\n<meta property=\"og:site_name\" content=\"Andartak\" \/>\n<meta property=\"article:modified_time\" content=\"2025-04-22T10:33:07+00:00\" \/>\n<meta property=\"og:image\" content=\"https:\/\/andartak.is\/wp-content\/uploads\/2024\/07\/Jardarber-2.png\" \/>\n\t<meta property=\"og:image:width\" content=\"600\" \/>\n\t<meta property=\"og:image:height\" content=\"533\" \/>\n\t<meta property=\"og:image:type\" content=\"image\/png\" \/>\n<meta name=\"twitter:card\" content=\"summary_large_image\" \/>\n<meta name=\"twitter:label1\" content=\"Est. reading time\" \/>\n\t<meta name=\"twitter:data1\" content=\"1 minute\" \/>\n<script type=\"application\/ld+json\" class=\"yoast-schema-graph\">{\"@context\":\"https:\\\/\\\/schema.org\",\"@graph\":[{\"@type\":\"WebPage\",\"@id\":\"https:\\\/\\\/andartak.is\\\/product\\\/uppskriftir-7d\\\/\",\"url\":\"https:\\\/\\\/andartak.is\\\/product\\\/uppskriftir-7d\\\/\",\"name\":\"Breytingaskei\u00f0i\u00f0: Uppskriftir og 7 daga plan - Andartak\",\"isPartOf\":{\"@id\":\"https:\\\/\\\/andartak.is\\\/#website\"},\"primaryImageOfPage\":{\"@id\":\"https:\\\/\\\/andartak.is\\\/product\\\/uppskriftir-7d\\\/#primaryimage\"},\"image\":{\"@id\":\"https:\\\/\\\/andartak.is\\\/product\\\/uppskriftir-7d\\\/#primaryimage\"},\"thumbnailUrl\":\"https:\\\/\\\/andartak.is\\\/wp-content\\\/uploads\\\/2024\\\/07\\\/Jardarber-2.png\",\"datePublished\":\"2024-09-02T13:26:38+00:00\",\"dateModified\":\"2025-04-22T10:33:07+00:00\",\"breadcrumb\":{\"@id\":\"https:\\\/\\\/andartak.is\\\/product\\\/uppskriftir-7d\\\/#breadcrumb\"},\"inLanguage\":\"is\",\"potentialAction\":[{\"@type\":\"ReadAction\",\"target\":[\"https:\\\/\\\/andartak.is\\\/product\\\/uppskriftir-7d\\\/\"]}]},{\"@type\":\"ImageObject\",\"inLanguage\":\"is\",\"@id\":\"https:\\\/\\\/andartak.is\\\/product\\\/uppskriftir-7d\\\/#primaryimage\",\"url\":\"https:\\\/\\\/andartak.is\\\/wp-content\\\/uploads\\\/2024\\\/07\\\/Jardarber-2.png\",\"contentUrl\":\"https:\\\/\\\/andartak.is\\\/wp-content\\\/uploads\\\/2024\\\/07\\\/Jardarber-2.png\",\"width\":600,\"height\":533},{\"@type\":\"BreadcrumbList\",\"@id\":\"https:\\\/\\\/andartak.is\\\/product\\\/uppskriftir-7d\\\/#breadcrumb\",\"itemListElement\":[{\"@type\":\"ListItem\",\"position\":1,\"name\":\"Home\",\"item\":\"https:\\\/\\\/andartak.is\\\/\"},{\"@type\":\"ListItem\",\"position\":2,\"name\":\"Shop\",\"item\":\"https:\\\/\\\/andartak.is\\\/shop\\\/\"},{\"@type\":\"ListItem\",\"position\":3,\"name\":\"Breytingaskei\u00f0i\u00f0: Uppskriftir og 7 daga plan\"}]},{\"@type\":\"WebSite\",\"@id\":\"https:\\\/\\\/andartak.is\\\/#website\",\"url\":\"https:\\\/\\\/andartak.is\\\/\",\"name\":\"Andartak\",\"description\":\"J\u00f3ga Yoga F\u00f3kusing Focusing H\u00f3m\u00f3pat\u00eda Homeopathy L\u00edf\u00f6ndun J\u00f3ga\u00feerap\u00eda Reykjav\u00edk\",\"potentialAction\":[{\"@type\":\"SearchAction\",\"target\":{\"@type\":\"EntryPoint\",\"urlTemplate\":\"https:\\\/\\\/andartak.is\\\/?s={search_term_string}\"},\"query-input\":{\"@type\":\"PropertyValueSpecification\",\"valueRequired\":true,\"valueName\":\"search_term_string\"}}],\"inLanguage\":\"is\"}]}<\/script>\n<!-- \/ Yoast SEO plugin. -->","yoast_head_json":{"title":"Breytingaskei\u00f0i\u00f0: Uppskriftir og 7 daga plan - Andartak","robots":{"index":"index","follow":"follow","max-snippet":"max-snippet:-1","max-image-preview":"max-image-preview:large","max-video-preview":"max-video-preview:-1"},"canonical":"https:\/\/andartak.is\/is\/product\/uppskriftir-7d\/","og_locale":"is_IS","og_type":"article","og_title":"Breytingaskei\u00f0i\u00f0: Uppskriftir og 7 daga plan - Andartak","og_description":"Lj\u00faffengar uppskriftir og 7 daga f\u00e6\u00f0uplan\u00a0fyrir svefntruflanir og hitak\u00f3f L\u00e6r\u00f0u hvernig matar\u00e6\u00f0i getur dregi\u00f0 \u00far hitak\u00f3fi, auki\u00f0 svefng\u00e6\u00f0i \u00fe\u00edn og vell\u00ed\u00f0an \u00e1 breytingaskei\u00f0i og \u00e1fram svo \u00fe\u00fa getir endurheimt orkuna \u00fe\u00edna. 24 uppskriftir fyrir konur \u00e1 breytingaskei\u00f0i. \u00de\u00fa f\u00e6r\u00f0&#8230; 24 uppskriftir fyrir breytingaskei\u00f0i\u00f0 og hollt snakk 7 daga f\u00e6\u00f0uplan fyrir konur \u00e1 breytingaskei\u00f0i Uppt\u00f6ku me\u00f0 [&hellip;]","og_url":"https:\/\/andartak.is\/is\/product\/uppskriftir-7d\/","og_site_name":"Andartak","article_modified_time":"2025-04-22T10:33:07+00:00","og_image":[{"width":600,"height":533,"url":"https:\/\/andartak.is\/wp-content\/uploads\/2024\/07\/Jardarber-2.png","type":"image\/png"}],"twitter_card":"summary_large_image","twitter_misc":{"Est. reading time":"1 minute"},"schema":{"@context":"https:\/\/schema.org","@graph":[{"@type":"WebPage","@id":"https:\/\/andartak.is\/product\/uppskriftir-7d\/","url":"https:\/\/andartak.is\/product\/uppskriftir-7d\/","name":"Breytingaskei\u00f0i\u00f0: Uppskriftir og 7 daga plan - Andartak","isPartOf":{"@id":"https:\/\/andartak.is\/#website"},"primaryImageOfPage":{"@id":"https:\/\/andartak.is\/product\/uppskriftir-7d\/#primaryimage"},"image":{"@id":"https:\/\/andartak.is\/product\/uppskriftir-7d\/#primaryimage"},"thumbnailUrl":"https:\/\/andartak.is\/wp-content\/uploads\/2024\/07\/Jardarber-2.png","datePublished":"2024-09-02T13:26:38+00:00","dateModified":"2025-04-22T10:33:07+00:00","breadcrumb":{"@id":"https:\/\/andartak.is\/product\/uppskriftir-7d\/#breadcrumb"},"inLanguage":"is","potentialAction":[{"@type":"ReadAction","target":["https:\/\/andartak.is\/product\/uppskriftir-7d\/"]}]},{"@type":"ImageObject","inLanguage":"is","@id":"https:\/\/andartak.is\/product\/uppskriftir-7d\/#primaryimage","url":"https:\/\/andartak.is\/wp-content\/uploads\/2024\/07\/Jardarber-2.png","contentUrl":"https:\/\/andartak.is\/wp-content\/uploads\/2024\/07\/Jardarber-2.png","width":600,"height":533},{"@type":"BreadcrumbList","@id":"https:\/\/andartak.is\/product\/uppskriftir-7d\/#breadcrumb","itemListElement":[{"@type":"ListItem","position":1,"name":"Home","item":"https:\/\/andartak.is\/"},{"@type":"ListItem","position":2,"name":"Shop","item":"https:\/\/andartak.is\/shop\/"},{"@type":"ListItem","position":3,"name":"Breytingaskei\u00f0i\u00f0: Uppskriftir og 7 daga plan"}]},{"@type":"WebSite","@id":"https:\/\/andartak.is\/#website","url":"https:\/\/andartak.is\/","name":"Andartak","description":"J\u00f3ga Yoga F\u00f3kusing Focusing H\u00f3m\u00f3pat\u00eda Homeopathy L\u00edf\u00f6ndun J\u00f3ga\u00feerap\u00eda Reykjav\u00edk","potentialAction":[{"@type":"SearchAction","target":{"@type":"EntryPoint","urlTemplate":"https:\/\/andartak.is\/?s={search_term_string}"},"query-input":{"@type":"PropertyValueSpecification","valueRequired":true,"valueName":"search_term_string"}}],"inLanguage":"is"}]}},"_links":{"self":[{"href":"https:\/\/andartak.is\/is\/wp-json\/wp\/v2\/product\/11773","targetHints":{"allow":["GET"]}}],"collection":[{"href":"https:\/\/andartak.is\/is\/wp-json\/wp\/v2\/product"}],"about":[{"href":"https:\/\/andartak.is\/is\/wp-json\/wp\/v2\/types\/product"}],"replies":[{"embeddable":true,"href":"https:\/\/andartak.is\/is\/wp-json\/wp\/v2\/comments?post=11773"}],"wp:featuredmedia":[{"embeddable":true,"href":"https:\/\/andartak.is\/is\/wp-json\/wp\/v2\/media\/11102"}],"wp:attachment":[{"href":"https:\/\/andartak.is\/is\/wp-json\/wp\/v2\/media?parent=11773"}],"wp:term":[{"taxonomy":"product_brand","embeddable":true,"href":"https:\/\/andartak.is\/is\/wp-json\/wp\/v2\/product_brand?post=11773"},{"taxonomy":"product_cat","embeddable":true,"href":"https:\/\/andartak.is\/is\/wp-json\/wp\/v2\/product_cat?post=11773"},{"taxonomy":"product_tag","embeddable":true,"href":"https:\/\/andartak.is\/is\/wp-json\/wp\/v2\/product_tag?post=11773"}],"curies":[{"name":"wp","href":"https:\/\/api.w.org\/{rel}","templated":true}]}}